{"id":2539,"date":"2025-06-16T21:39:39","date_gmt":"2025-06-16T21:39:39","guid":{"rendered":"https:\/\/arellanoderma.com\/?page_id=2539"},"modified":"2026-03-26T15:46:11","modified_gmt":"2026-03-26T15:46:11","slug":"consultadermatologica","status":"publish","type":"page","link":"https:\/\/arellanoderma.com\/en\/consultadermatologica\/","title":{"rendered":"Dermatology Consultation"},"content":{"rendered":"<div class=\"wp-block-uagb-container uagb-block-ec57ae33 alignfull uagb-is-root-container\"><div class=\"uagb-container-inner-blocks-wrap\">\n<div class=\"wp-block-uagb-advanced-heading uagb-block-6d8aeb87\"><h2 class=\"uagb-heading-text\"><strong>Dermatology Consultation<\/strong><\/h2><p class=\"uagb-desc-text\">Whether you're looking for a personalized skincare routine or need treatment for a dermatological condition, our highly trained doctors are here to guide you with professionalism and confidence. They\u2019ll answer all your questions and support you every step of the way, always committed to your skin health and overall well-being<\/p><\/div>\n\n\n\n<div class=\"wp-block-uagb-buttons uagb-buttons__outer-wrap uagb-btn__extralarge-btn uagb-btn-tablet__default-btn uagb-btn-mobile__default-btn uagb-block-4ea11325\"><div class=\"uagb-buttons__wrap uagb-buttons-layout-wrap\">\n<div class=\"wp-block-uagb-buttons-child uagb-buttons__outer-wrap uagb-block-84e53928 wp-block-button\"><div class=\"uagb-button__wrapper\"><a class=\"uagb-buttons-repeater wp-block-button__link\" aria-label=\"\" href=\"https:\/\/outlook.office.com\/book\/techSkinCare@roar.ventures\/s\/k0p0M4Yaykyw1Cx1AJWhNQ2?ismsaljsauthenabled\" rel=\"follow noopener\" target=\"_blank\" role=\"button\"><div class=\"uagb-button__link\">Book Here<\/div><\/a><\/div><\/div>\n<\/div><\/div>\n<\/div><\/div>\n\n\n\n<div class=\"wp-block-uagb-container uagb-block-adc79d85 alignfull uagb-is-root-container\"><div class=\"uagb-container-inner-blocks-wrap\"><\/div><\/div>\n\n\n\n<div class=\"wp-block-uagb-advanced-heading uagb-block-b61ae3a7\"><h2 class=\"uagb-heading-text\">Our doctors<\/h2><\/div>\n\n\n\n<div class=\"wp-block-uagb-container uagb-block-e7825b3d alignfull uagb-is-root-container\"><div class=\"uagb-container-inner-blocks-wrap\">\n<div class=\"wp-block-uagb-container uagb-block-78ff9c4c\">\n<div class=\"wp-block-uagb-image uagb-block-352fdf2d wp-block-uagb-image--layout-default wp-block-uagb-image--effect-static wp-block-uagb-image--align-none\"><figure class=\"wp-block-uagb-image__figure\"><img decoding=\"async\" srcset=\"https:\/\/arellanoderma.com\/wp-content\/uploads\/2025\/06\/Base-Fotos_SWM-5-220x300.png ,https:\/\/arellanoderma.com\/wp-content\/uploads\/2025\/06\/Base-Fotos_SWM-5.png 780w, https:\/\/arellanoderma.com\/wp-content\/uploads\/2025\/06\/Base-Fotos_SWM-5.png 360w\" sizes=\"auto, (max-width: 480px) 150px\" src=\"https:\/\/arellanoderma.com\/wp-content\/uploads\/2025\/06\/Base-Fotos_SWM-5-220x300.png\" alt=\"Dermatologa CEO de una cl\u00ednica dermatologica\" class=\"uag-image-2529\" width=\"220\" height=\"300\" title=\"Dra-Mariana-Arellano\" loading=\"lazy\" role=\"img\"\/><\/figure><\/div>\n\n\n\n<div class=\"wp-block-uagb-team uagb-team__image-position-above uagb-team__align-center uagb-team__stack-tablet uagb-block-0d22f2e0\"><div class=\"uagb-team__content\"><h3 class=\"uagb-team__title\">Dra. Mariana Arellano<\/h3><span class=\"uagb-team__prefix\">CEO CED: 14750132<\/span><p class=\"uagb-team__desc\">\u201cTaking care of your skin is more than a routine; it's an act of self-love. Treat it with the same dedication you put into building your dreams.\u201d<\/p><ul class=\"uagb-team__social-list\"><li class=\"uagb-team__social-icon\"><a href=\"https:\/\/www.instagram.com\/marianaarellano.derma\/?hl=es\" aria-label=\"instagram\" target=\"_self\" title=\"\" rel=\"noopener noreferrer\"><svg xmlns=\"https:\/\/www.w3.org\/2000\/svg\" viewbox=\"0 0 448 512\"><path d=\"M224.1 141c-63.6 0-114.9 51.3-114.9 114.9s51.3 114.9 114.9 114.9S339 319.5 339 255.9 287.7 141 224.1 141zm0 189.6c-41.1 0-74.7-33.5-74.7-74.7s33.5-74.7 74.7-74.7 74.7 33.5 74.7 74.7-33.6 74.7-74.7 74.7zm146.4-194.3c0 14.9-12 26.8-26.8 26.8-14.9 0-26.8-12-26.8-26.8s12-26.8 26.8-26.8 26.8 12 26.8 26.8zm76.1 27.2c-1.7-35.9-9.9-67.7-36.2-93.9-26.2-26.2-58-34.4-93.9-36.2-37-2.1-147.9-2.1-184.9 0-35.8 1.7-67.6 9.9-93.9 36.1s-34.4 58-36.2 93.9c-2.1 37-2.1 147.9 0 184.9 1.7 35.9 9.9 67.7 36.2 93.9s58 34.4 93.9 36.2c37 2.1 147.9 2.1 184.9 0 35.9-1.7 67.7-9.9 93.9-36.2 26.2-26.2 34.4-58 36.2-93.9 2.1-37 2.1-147.8 0-184.8zM398.8 388c-7.8 19.6-22.9 34.7-42.6 42.6-29.5 11.7-99.5 9-132.1 9s-102.7 2.6-132.1-9c-19.6-7.8-34.7-22.9-42.6-42.6-11.7-29.5-9-99.5-9-132.1s-2.6-102.7 9-132.1c7.8-19.6 22.9-34.7 42.6-42.6 29.5-11.7 99.5-9 132.1-9s102.7-2.6 132.1 9c19.6 7.8 34.7 22.9 42.6 42.6 11.7 29.5 9 99.5 9 132.1s2.7 102.7-9 132.1z\"><\/path><\/svg><\/a><\/li><li class=\"uagb-team__social-icon\"><a href=\"https:\/\/www.tiktok.com\/@marianaarellano.derma?is_from_webapp=1&amp;sender_device=pc\" aria-label=\"tiktok\" target=\"_self\" title=\"\" rel=\"noopener noreferrer\"><svg xmlns=\"https:\/\/www.w3.org\/2000\/svg\" viewbox=\"0 0 448 512\"><path d=\"M448 209.9a210.1 210.1 0 0 1 -122.8-39.25V349.4A162.6 162.6 0 1 1 185 188.3V278.2a74.62 74.62 0 1 0 52.23 71.18V0l88 0a121.2 121.2 0 0 0 1.86 22.17h0A122.2 122.2 0 0 0 381 102.4a121.4 121.4 0 0 0 67 20.14z\"><\/path><\/svg><\/a><\/li><li class=\"uagb-team__social-icon\"><a href=\"https:\/\/www.facebook.com\/DraMarianaArellano\" aria-label=\"facebook\" target=\"_self\" title=\"\" rel=\"noopener noreferrer\"><svg xmlns=\"https:\/\/www.w3.org\/2000\/svg\" viewbox=\"0 0 512 512\"><path d=\"M504 256C504 119 393 8 256 8S8 119 8 256c0 123.8 90.69 226.4 209.3 245V327.7h-63V256h63v-54.64c0-62.15 37-96.48 93.67-96.48 27.14 0 55.52 4.84 55.52 4.84v61h-31.28c-30.8 0-40.41 19.12-40.41 38.73V256h68.78l-11 71.69h-57.78V501C413.3 482.4 504 379.8 504 256z\"><\/path><\/svg><\/a><\/li><\/ul><\/div><\/div>\n<\/div>\n\n\n\n<div class=\"wp-block-uagb-container uagb-block-167b088f\">\n<div class=\"wp-block-uagb-image uagb-block-36d14cac wp-block-uagb-image--layout-default wp-block-uagb-image--effect-static wp-block-uagb-image--align-none\"><figure class=\"wp-block-uagb-image__figure\"><img decoding=\"async\" srcset=\"https:\/\/arellanoderma.com\/wp-content\/uploads\/2025\/10\/108-300x300.jpg ,https:\/\/arellanoderma.com\/wp-content\/uploads\/2025\/10\/108.jpg 780w, https:\/\/arellanoderma.com\/wp-content\/uploads\/2025\/10\/108.jpg 360w\" sizes=\"auto, (max-width: 480px) 150px\" src=\"https:\/\/arellanoderma.com\/wp-content\/uploads\/2025\/10\/108-300x300.jpg\" alt=\"\" class=\"uag-image-2752\" width=\"300\" height=\"300\" title=\"108\" loading=\"lazy\" role=\"img\"\/><\/figure><\/div>\n\n\n\n<div class=\"wp-block-uagb-team uagb-team__image-position-above uagb-team__align-center uagb-team__stack-tablet uagb-block-34ca799a\"><div class=\"uagb-team__content\"><h3 class=\"uagb-team__title\">Dra. Elizabeth Ramos<\/h3><span class=\"uagb-team__prefix\">CED: 11507629<\/span><p class=\"uagb-team__desc\">\"Your skin tells your story. My mission is to help you reflect your best version in it\"<\/p><ul class=\"uagb-team__social-list\"><\/ul><\/div><\/div>\n<\/div>\n\n\n\n<div class=\"wp-block-uagb-container uagb-block-dae8c357\">\n<div class=\"wp-block-uagb-image uagb-block-3d4a55d3 wp-block-uagb-image--layout-default wp-block-uagb-image--effect-static wp-block-uagb-image--align-none\"><figure class=\"wp-block-uagb-image__figure\"><img decoding=\"async\" srcset=\"https:\/\/arellanoderma.com\/wp-content\/uploads\/2025\/10\/108-300x300.jpg ,https:\/\/arellanoderma.com\/wp-content\/uploads\/2025\/10\/108.jpg 780w, https:\/\/arellanoderma.com\/wp-content\/uploads\/2025\/10\/108.jpg 360w\" sizes=\"auto, (max-width: 480px) 150px\" src=\"https:\/\/arellanoderma.com\/wp-content\/uploads\/2025\/10\/108-300x300.jpg\" alt=\"\" class=\"uag-image-2752\" width=\"300\" height=\"300\" title=\"108\" loading=\"lazy\" role=\"img\"\/><\/figure><\/div>\n\n\n\n<div class=\"wp-block-uagb-team uagb-team__image-position-above uagb-team__align-center uagb-team__stack-tablet uagb-block-eedc6c2c\"><div class=\"uagb-team__content\"><h3 class=\"uagb-team__title\">Dra. Cinthia Castro<\/h3><span class=\"uagb-team__prefix\">CED: 1<\/span><p class=\"uagb-team__desc\">\"Our skin speaks. It tells us about our health, our emotions, and our environment. Listening to it is part of taking care of ourselves\"<\/p><ul class=\"uagb-team__social-list\"><\/ul><\/div><\/div>\n<\/div>\n<\/div><\/div>\n\n\n\n<div class=\"wp-block-uagb-container uagb-block-ce2306bf alignfull uagb-is-root-container\"><div class=\"uagb-container-inner-blocks-wrap\">\n<div class=\"wp-block-uagb-advanced-heading uagb-block-bb26c3fb\"><h2 class=\"uagb-heading-text\">How to schedule?<\/h2><\/div>\n<\/div><\/div>\n\n\n\n<div class=\"wp-block-uagb-container uagb-layout-grid uagb-block-0efee39e alignfull uagb-is-root-container\"><div class=\"uagb-container-inner-blocks-wrap\">\n<div class=\"wp-block-uagb-info-box uagb-block-349d2474 uagb-infobox__content-wrap  uagb-infobox-icon-left uagb-infobox-left uagb-infobox-stacked-mobile uagb-infobox-image-valign-top\"><div class=\"uagb-ifb-icon-wrap\"><div class=\"uagb-iconbox-icon-wrap uagb-infobox-shape-circle\"><svg xmlns=\"https:\/\/www.w3.org\/2000\/svg\" viewbox=\"0 0 448 512\"><path d=\"M160 32V64H288V32C288 14.33 302.3 0 320 0C337.7 0 352 14.33 352 32V64H400C426.5 64 448 85.49 448 112V160H0V112C0 85.49 21.49 64 48 64H96V32C96 14.33 110.3 0 128 0C145.7 0 160 14.33 160 32zM0 192H448V464C448 490.5 426.5 512 400 512H48C21.49 512 0 490.5 0 464V192zM64 304C64 312.8 71.16 320 80 320H112C120.8 320 128 312.8 128 304V272C128 263.2 120.8 256 112 256H80C71.16 256 64 263.2 64 272V304zM192 304C192 312.8 199.2 320 208 320H240C248.8 320 256 312.8 256 304V272C256 263.2 248.8 256 240 256H208C199.2 256 192 263.2 192 272V304zM336 256C327.2 256 320 263.2 320 272V304C320 312.8 327.2 320 336 320H368C376.8 320 384 312.8 384 304V272C384 263.2 376.8 256 368 256H336zM64 432C64 440.8 71.16 448 80 448H112C120.8 448 128 440.8 128 432V400C128 391.2 120.8 384 112 384H80C71.16 384 64 391.2 64 400V432zM208 384C199.2 384 192 391.2 192 400V432C192 440.8 199.2 448 208 448H240C248.8 448 256 440.8 256 432V400C256 391.2 248.8 384 240 384H208zM320 432C320 440.8 327.2 448 336 448H368C376.8 448 384 440.8 384 432V400C384 391.2 376.8 384 368 384H336C327.2 384 320 391.2 320 400V432z\"><\/path><\/svg><\/div><\/div><div class=\"uagb-ifb-content\"><div class=\"uagb-ifb-title-wrap\"><h6 class=\"uagb-ifb-title\">Book Here<\/h6><\/div><p class=\"uagb-ifb-desc\">Click on \u201cBook here\u201d, choose the service you need and select the time that best suits you.<br><br>Once your appointment is scheduled, you will receive a confirmation email with all the details.<\/p><\/div><\/div>\n\n\n\n<div class=\"wp-block-uagb-info-box uagb-block-52ce00df uagb-infobox__content-wrap  uagb-infobox-icon-left uagb-infobox-left uagb-infobox-stacked-mobile uagb-infobox-image-valign-top\"><div class=\"uagb-ifb-icon-wrap\"><div class=\"uagb-iconbox-icon-wrap uagb-infobox-shape-circle\"><svg xmlns=\"https:\/\/www.w3.org\/2000\/svg\" viewbox=\"0 0 576 512\"><path d=\"M512 32C547.3 32 576 60.65 576 96V128H0V96C0 60.65 28.65 32 64 32H512zM576 416C576 451.3 547.3 480 512 480H64C28.65 480 0 451.3 0 416V224H576V416zM112 352C103.2 352 96 359.2 96 368C96 376.8 103.2 384 112 384H176C184.8 384 192 376.8 192 368C192 359.2 184.8 352 176 352H112zM240 384H368C376.8 384 384 376.8 384 368C384 359.2 376.8 352 368 352H240C231.2 352 224 359.2 224 368C224 376.8 231.2 384 240 384z\"><\/path><\/svg><\/div><\/div><div class=\"uagb-ifb-content\"><div class=\"uagb-ifb-title-wrap\"><h6 class=\"uagb-ifb-title\">Pay<\/h6><\/div><p class=\"uagb-ifb-desc\">Once you book your appointment, you will receive an email with the confirmation and the link to make the advance payment, which corresponds only to the reservation of the service.<br><br>This payment must be completed within the next hour to secure your spot.<br>El monto restante se liquida al finalizar el servicio.<\/p><\/div><\/div>\n\n\n\n<div class=\"wp-block-uagb-info-box uagb-block-2af3f690 uagb-infobox__content-wrap  uagb-infobox-icon-left uagb-infobox-left uagb-infobox-stacked-mobile uagb-infobox-image-valign-top\"><div class=\"uagb-ifb-icon-wrap\"><div class=\"uagb-iconbox-icon-wrap uagb-infobox-shape-circle\"><svg xmlns=\"https:\/\/www.w3.org\/2000\/svg\" viewbox=\"0 0 448 512\"><path d=\"M182.6 246.6C170.1 259.1 149.9 259.1 137.4 246.6L57.37 166.6C44.88 154.1 44.88 133.9 57.37 121.4C69.87 108.9 90.13 108.9 102.6 121.4L159.1 178.7L297.4 41.37C309.9 28.88 330.1 28.88 342.6 41.37C355.1 53.87 355.1 74.13 342.6 86.63L182.6 246.6zM182.6 470.6C170.1 483.1 149.9 483.1 137.4 470.6L9.372 342.6C-3.124 330.1-3.124 309.9 9.372 297.4C21.87 284.9 42.13 284.9 54.63 297.4L159.1 402.7L393.4 169.4C405.9 156.9 426.1 156.9 438.6 169.4C451.1 181.9 451.1 202.1 438.6 214.6L182.6 470.6z\"><\/path><\/svg><\/div><\/div><div class=\"uagb-ifb-content\"><div class=\"uagb-ifb-title-wrap\"><h6 class=\"uagb-ifb-title\">Confirm <\/h6><\/div><p class=\"uagb-ifb-desc\">We will contact you to confirm your attendance. If you do not confirm, the deposit will not be refunded.<br><br>Should there be any changes, we kindly ask for at least 24 hours\u2019 notice to ensure the deposit remains valid.<\/p><\/div><\/div>\n\n\n\n<div class=\"wp-block-uagb-info-box uagb-block-a9a125c9 uagb-infobox__content-wrap  uagb-infobox-icon-left uagb-infobox-left uagb-infobox-stacked-mobile uagb-infobox-image-valign-top\"><div class=\"uagb-ifb-icon-wrap\"><div class=\"uagb-iconbox-icon-wrap uagb-infobox-shape-circle\"><svg xmlns=\"https:\/\/www.w3.org\/2000\/svg\" viewbox=\"0 0 640 512\"><path d=\"M192 48C192 21.49 213.5 0 240 0H400C426.5 0 448 21.49 448 48V512H368V432C368 405.5 346.5 384 320 384C293.5 384 272 405.5 272 432V512H192V48zM312 64C303.2 64 296 71.16 296 80V104H272C263.2 104 256 111.2 256 120V136C256 144.8 263.2 152 272 152H296V176C296 184.8 303.2 192 312 192H328C336.8 192 344 184.8 344 176V152H368C376.8 152 384 144.8 384 136V120C384 111.2 376.8 104 368 104H344V80C344 71.16 336.8 64 328 64H312zM160 96V512H48C21.49 512 0 490.5 0 464V320H80C88.84 320 96 312.8 96 304C96 295.2 88.84 288 80 288H0V224H80C88.84 224 96 216.8 96 208C96 199.2 88.84 192 80 192H0V144C0 117.5 21.49 96 48 96H160zM592 96C618.5 96 640 117.5 640 144V192H560C551.2 192 544 199.2 544 208C544 216.8 551.2 224 560 224H640V288H560C551.2 288 544 295.2 544 304C544 312.8 551.2 320 560 320H640V464C640 490.5 618.5 512 592 512H480V96H592z\"><\/path><\/svg><\/div><\/div><div class=\"uagb-ifb-content\"><div class=\"uagb-ifb-title-wrap\"><h6 class=\"uagb-ifb-title\">Attend<\/h6><\/div><p class=\"uagb-ifb-desc\">We look forward to seeing you! Please arrive at least 10 minutes early so we can register your information.<br><br>At the end of your appointment, you\u2019ll be able to settle the remaining balance.<br>We accept cash (mxn) as well as all major credit and debit cards.<\/p><\/div><\/div>\n<\/div><\/div>","protected":false},"excerpt":{"rendered":"<p>Consulta Dermatol\u00f3gica Ya sea que busques una rutina de skincare personalizada o necesites tratamiento para un padecimiento dermatol\u00f3gico, nuestras doctoras, altamente capacitadas, est\u00e1n aqu\u00ed para orientarte y resolver todas tus dudas con profesionalismo y confianza. Nuestras doctoras \u00bfC\u00f3mo agendar?<\/p>","protected":false},"author":1,"featured_media":0,"parent":0,"menu_order":0,"comment_status":"closed","ping_status":"closed","template":"","meta":{"_uag_custom_page_level_css":"","site-sidebar-layout":"no-sidebar","site-content-layout":"page-builder","ast-site-content-layout":"full-width-container","site-content-style":"unboxed","site-sidebar-style":"unboxed","ast-global-header-display":"","ast-banner-title-visibility":"","ast-main-header-display":"","ast-hfb-above-header-display":"","ast-hfb-below-header-display":"","ast-hfb-mobile-header-display":"","site-post-title":"disabled","ast-breadcrumbs-content":"disabled","ast-featured-img":"disabled","footer-sml-layout":"","theme-transparent-header-meta":"enabled","adv-header-id-meta":"","stick-header-meta":"","header-above-stick-meta":"","header-main-stick-meta":"","header-below-stick-meta":"","astra-migrate-meta-layouts":"set","ast-page-background-enabled":"default","ast-page-background-meta":{"desktop":{"background-color":"var(--ast-global-color-4)","background-image":"","background-repeat":"repeat","background-position":"center center","background-size":"auto","background-attachment":"scroll","background-type":"","background-media":"","overlay-type":"","overlay-color":"","overlay-opacity":"","overlay-gradient":""},"tablet":{"background-color":"","background-image":"","background-repeat":"repeat","background-position":"center center","background-size":"auto","background-attachment":"scroll","background-type":"","background-media":"","overlay-type":"","overlay-color":"","overlay-opacity":"","overlay-gradient":""},"mobile":{"background-color":"","background-image":"","background-repeat":"repeat","background-position":"center center","background-size":"auto","background-attachment":"scroll","background-type":"","background-media":"","overlay-type":"","overlay-color":"","overlay-opacity":"","overlay-gradient":""}},"ast-content-background-meta":{"desktop":{"background-color":"var(--ast-global-color-5)","background-image":"","background-repeat":"repeat","background-position":"center center","background-size":"auto","background-attachment":"scroll","background-type":"","background-media":"","overlay-type":"","overlay-color":"","overlay-opacity":"","overlay-gradient":""},"tablet":{"background-color":"var(--ast-global-color-5)","background-image":"","background-repeat":"repeat","background-position":"center center","background-size":"auto","background-attachment":"scroll","background-type":"","background-media":"","overlay-type":"","overlay-color":"","overlay-opacity":"","overlay-gradient":""},"mobile":{"background-color":"var(--ast-global-color-5)","background-image":"","background-repeat":"repeat","background-position":"center center","background-size":"auto","background-attachment":"scroll","background-type":"","background-media":"","overlay-type":"","overlay-color":"","overlay-opacity":"","overlay-gradient":""}},"footnotes":""},"class_list":["post-2539","page","type-page","status-publish","hentry"],"aioseo_notices":[],"uagb_featured_image_src":{"full":false,"thumbnail":false,"medium":false,"medium_large":false,"large":false,"1536x1536":false,"2048x2048":false,"trp-custom-language-flag":false},"uagb_author_info":{"display_name":"natalia@roar.ventures","author_link":"https:\/\/arellanoderma.com\/en\/author\/nataliaroar-ventures\/"},"uagb_comment_info":0,"uagb_excerpt":"Consulta Dermatol\u00f3gica Ya sea que busques una rutina de skincare personalizada o necesites tratamiento para un padecimiento dermatol\u00f3gico, nuestras doctoras, altamente capacitadas, est\u00e1n aqu\u00ed para orientarte y resolver todas tus dudas con profesionalismo y confianza. Nuestras doctoras \u00bfC\u00f3mo agendar?","_links":{"self":[{"href":"https:\/\/arellanoderma.com\/en\/wp-json\/wp\/v2\/pages\/2539","targetHints":{"allow":["GET"]}}],"collection":[{"href":"https:\/\/arellanoderma.com\/en\/wp-json\/wp\/v2\/pages"}],"about":[{"href":"https:\/\/arellanoderma.com\/en\/wp-json\/wp\/v2\/types\/page"}],"author":[{"embeddable":true,"href":"https:\/\/arellanoderma.com\/en\/wp-json\/wp\/v2\/users\/1"}],"replies":[{"embeddable":true,"href":"https:\/\/arellanoderma.com\/en\/wp-json\/wp\/v2\/comments?post=2539"}],"version-history":[{"count":22,"href":"https:\/\/arellanoderma.com\/en\/wp-json\/wp\/v2\/pages\/2539\/revisions"}],"predecessor-version":[{"id":3066,"href":"https:\/\/arellanoderma.com\/en\/wp-json\/wp\/v2\/pages\/2539\/revisions\/3066"}],"wp:attachment":[{"href":"https:\/\/arellanoderma.com\/en\/wp-json\/wp\/v2\/media?parent=2539"}],"curies":[{"name":"wp","href":"https:\/\/api.w.org\/{rel}","templated":true}]}}